{"id":18,"date":"2015-02-11T16:57:49","date_gmt":"2013-07-04T11:09:30","guid":{"rendered":"http:\/\/sontrad.com\/?page_id=18"},"modified":"2024-11-02T17:44:29","modified_gmt":"2024-11-02T21:44:29","slug":"nos-services-depuis-1990","status":"publish","type":"page","link":"https:\/\/sontrad.com\/?page_id=18","title":{"rendered":"Sonorisation &#038; Enregistrement"},"content":{"rendered":"<h2>Sonorisation d&rsquo;\u00e9v\u00e9nements tels que:<\/h2>\n<ul>\n<li>\n<h3>R\u00e9union annuelle de copropri\u00e9taires<\/h3>\n<\/li>\n<li>\n<h3>ONG et communaut\u00e9s religieuses<\/h3>\n<\/li>\n<li>\n<h3>Conseils d&rsquo;administration ou ex\u00e9cutifs<\/h3>\n<\/li>\n<li>\n<h3>Salon et congr\u00e8s<\/h3>\n<\/li>\n<li>\n<h3>Conf\u00e9rences<\/h3>\n<\/li>\n<\/ul>\n<h2>Nous offrons:<\/h2>\n<ul>\n<li>\n<h3>Enregistrement audio avec indexation des plages, divis\u00e9 selon l&rsquo;ordre du jour<\/h3>\n<\/li>\n<li>\n<h3>Cabines de traduction en plexiglas<\/h3>\n<\/li>\n<\/ul>\n\n\n<p class=\"has-medium-font-size\">T\u00e9l\u00e9phone : <a href=\"tel:4504473216\">450-447-3216<\/a><\/p>\n\n\n\n<p class=\"has-medium-font-size\">Email : <strong><a href=\"mailto:prod.rperroninc@videotron.ca\">prod.rperroninc@videotron.ca<\/a><\/strong><\/p>\n\n\n\n<p><\/p>\n","protected":false},"excerpt":{"rendered":"<p>Sonorisation d&rsquo;\u00e9v\u00e9nements tels que: R\u00e9union annuelle de copropri\u00e9taires ONG et communaut\u00e9s religieuses Conseils d&rsquo;administration ou ex\u00e9cutifs Salon et congr\u00e8s Conf\u00e9rences Nous offrons: Enregistrement audio avec indexation des plages, divis\u00e9 selon l&rsquo;ordre du jour Cabines de traduction en plexiglas T\u00e9l\u00e9phone : 450-447-3216 Email : prod.rperroninc@videotron.ca<\/p>\n","protected":false},"author":1,"featured_media":0,"parent":0,"menu_order":0,"comment_status":"closed","ping_status":"closed","template":"","meta":{"footnotes":""},"class_list":["post-18","page","type-page","status-publish","hentry"],"_links":{"self":[{"href":"https:\/\/sontrad.com\/index.php?rest_route=\/wp\/v2\/pages\/18","targetHints":{"allow":["GET"]}}],"collection":[{"href":"https:\/\/sontrad.com\/index.php?rest_route=\/wp\/v2\/pages"}],"about":[{"href":"https:\/\/sontrad.com\/index.php?rest_route=\/wp\/v2\/types\/page"}],"author":[{"embeddable":true,"href":"https:\/\/sontrad.com\/index.php?rest_route=\/wp\/v2\/users\/1"}],"replies":[{"embeddable":true,"href":"https:\/\/sontrad.com\/index.php?rest_route=%2Fwp%2Fv2%2Fcomments&post=18"}],"version-history":[{"count":5,"href":"https:\/\/sontrad.com\/index.php?rest_route=\/wp\/v2\/pages\/18\/revisions"}],"predecessor-version":[{"id":142,"href":"https:\/\/sontrad.com\/index.php?rest_route=\/wp\/v2\/pages\/18\/revisions\/142"}],"wp:attachment":[{"href":"https:\/\/sontrad.com\/index.php?rest_route=%2Fwp%2Fv2%2Fmedia&parent=18"}],"curies":[{"name":"wp","href":"https:\/\/api.w.org\/{rel}","templated":true}]}}